{"id":974,"date":"2024-01-29T12:09:27","date_gmt":"2024-01-29T11:09:27","guid":{"rendered":"https:\/\/clanq.ch\/cashback\/"},"modified":"2026-03-10T11:44:00","modified_gmt":"2026-03-10T10:44:00","slug":"cashback","status":"publish","type":"page","link":"https:\/\/clanq.ch\/fr\/cashback\/","title":{"rendered":"Cashback"},"content":{"rendered":"","protected":false},"excerpt":{"rendered":"","protected":false},"author":5,"featured_media":1339,"parent":0,"menu_order":0,"comment_status":"closed","ping_status":"closed","template":"","meta":{"footnotes":""},"class_list":["post-974","page","type-page","status-publish","has-post-thumbnail","hentry"],"acf":[],"yoast_head":"<!-- This site is optimized with the Yoast SEO plugin v27.3 - https:\/\/yoast.com\/product\/yoast-seo-wordpress\/ -->\n<title>Cashback pour les familles | Clanq powered by Corn\u00e8r<\/title>\n<meta name=\"description\" content=\"Paye avec ta carte de d\u00e9bit Clanq et tu recevras une partie du montant d\u00e9pens\u00e9. Automatiquement vers\u00e9e dans la tirelire de ton enfant !\" \/>\n<meta name=\"robots\" content=\"index, follow, max-snippet:-1, max-image-preview:large, max-video-preview:-1\" \/>\n<link rel=\"canonical\" href=\"https:\/\/clanq.ch\/fr\/cashback\/\" \/>\n<meta property=\"og:locale\" content=\"fr_FR\" \/>\n<meta property=\"og:type\" content=\"article\" \/>\n<meta property=\"og:title\" content=\"Cashback pour les familles | Clanq powered by Corn\u00e8r\" \/>\n<meta property=\"og:description\" content=\"Paye avec ta carte de d\u00e9bit Clanq et tu recevras une partie du montant d\u00e9pens\u00e9. Automatiquement vers\u00e9e dans la tirelire de ton enfant !\" \/>\n<meta property=\"og:url\" content=\"https:\/\/clanq.ch\/fr\/cashback\/\" \/>\n<meta property=\"og:site_name\" content=\"Clanq\" \/>\n<meta property=\"article:modified_time\" content=\"2026-03-10T10:44:00+00:00\" \/>\n<meta property=\"og:image\" content=\"https:\/\/clanq.ch\/wp-content\/uploads\/2024\/04\/cashback.png\" \/>\n\t<meta property=\"og:image:width\" content=\"1200\" \/>\n\t<meta property=\"og:image:height\" content=\"630\" \/>\n\t<meta property=\"og:image:type\" content=\"image\/png\" \/>\n<meta name=\"twitter:card\" content=\"summary_large_image\" \/>\n<meta name=\"twitter:label1\" content=\"Dur\u00e9e de lecture estim\u00e9e\" \/>\n\t<meta name=\"twitter:data1\" content=\"1 minute\" \/>\n<script type=\"application\/ld+json\" class=\"yoast-schema-graph\">{\"@context\":\"https:\\\/\\\/schema.org\",\"@graph\":[{\"@type\":\"WebPage\",\"@id\":\"https:\\\/\\\/clanq.ch\\\/fr\\\/cashback\\\/\",\"url\":\"https:\\\/\\\/clanq.ch\\\/fr\\\/cashback\\\/\",\"name\":\"Cashback pour les familles | Clanq powered by Corn\u00e8r\",\"isPartOf\":{\"@id\":\"https:\\\/\\\/clanq.ch\\\/fr\\\/#website\"},\"primaryImageOfPage\":{\"@id\":\"https:\\\/\\\/clanq.ch\\\/fr\\\/cashback\\\/#primaryimage\"},\"image\":{\"@id\":\"https:\\\/\\\/clanq.ch\\\/fr\\\/cashback\\\/#primaryimage\"},\"thumbnailUrl\":\"https:\\\/\\\/clanq.ch\\\/wp-content\\\/uploads\\\/2024\\\/04\\\/cashback.png\",\"datePublished\":\"2024-01-29T11:09:27+00:00\",\"dateModified\":\"2026-03-10T10:44:00+00:00\",\"description\":\"Paye avec ta carte de d\u00e9bit Clanq et tu recevras une partie du montant d\u00e9pens\u00e9. Automatiquement vers\u00e9e dans la tirelire de ton enfant !\",\"breadcrumb\":{\"@id\":\"https:\\\/\\\/clanq.ch\\\/fr\\\/cashback\\\/#breadcrumb\"},\"inLanguage\":\"fr-FR\",\"potentialAction\":[{\"@type\":\"ReadAction\",\"target\":[\"https:\\\/\\\/clanq.ch\\\/fr\\\/cashback\\\/\"]}]},{\"@type\":\"ImageObject\",\"inLanguage\":\"fr-FR\",\"@id\":\"https:\\\/\\\/clanq.ch\\\/fr\\\/cashback\\\/#primaryimage\",\"url\":\"https:\\\/\\\/clanq.ch\\\/wp-content\\\/uploads\\\/2024\\\/04\\\/cashback.png\",\"contentUrl\":\"https:\\\/\\\/clanq.ch\\\/wp-content\\\/uploads\\\/2024\\\/04\\\/cashback.png\",\"width\":1200,\"height\":630,\"caption\":\"Clanq powered by Corn\u00e8r Cashback\"},{\"@type\":\"BreadcrumbList\",\"@id\":\"https:\\\/\\\/clanq.ch\\\/fr\\\/cashback\\\/#breadcrumb\",\"itemListElement\":[{\"@type\":\"ListItem\",\"position\":1,\"name\":\"Startseite\",\"item\":\"https:\\\/\\\/clanq.ch\\\/fr\\\/\"},{\"@type\":\"ListItem\",\"position\":2,\"name\":\"Cashback\"}]},{\"@type\":\"WebSite\",\"@id\":\"https:\\\/\\\/clanq.ch\\\/fr\\\/#website\",\"url\":\"https:\\\/\\\/clanq.ch\\\/fr\\\/\",\"name\":\"Clanq\",\"description\":\"\",\"potentialAction\":[{\"@type\":\"SearchAction\",\"target\":{\"@type\":\"EntryPoint\",\"urlTemplate\":\"https:\\\/\\\/clanq.ch\\\/fr\\\/?s={search_term_string}\"},\"query-input\":{\"@type\":\"PropertyValueSpecification\",\"valueRequired\":true,\"valueName\":\"search_term_string\"}}],\"inLanguage\":\"fr-FR\"}]}<\/script>\n<!-- \/ Yoast SEO plugin. -->","yoast_head_json":{"title":"Cashback pour les familles | Clanq powered by Corn\u00e8r","description":"Paye avec ta carte de d\u00e9bit Clanq et tu recevras une partie du montant d\u00e9pens\u00e9. Automatiquement vers\u00e9e dans la tirelire de ton enfant !","robots":{"index":"index","follow":"follow","max-snippet":"max-snippet:-1","max-image-preview":"max-image-preview:large","max-video-preview":"max-video-preview:-1"},"canonical":"https:\/\/clanq.ch\/fr\/cashback\/","og_locale":"fr_FR","og_type":"article","og_title":"Cashback pour les familles | Clanq powered by Corn\u00e8r","og_description":"Paye avec ta carte de d\u00e9bit Clanq et tu recevras une partie du montant d\u00e9pens\u00e9. Automatiquement vers\u00e9e dans la tirelire de ton enfant !","og_url":"https:\/\/clanq.ch\/fr\/cashback\/","og_site_name":"Clanq","article_modified_time":"2026-03-10T10:44:00+00:00","og_image":[{"width":1200,"height":630,"url":"https:\/\/clanq.ch\/wp-content\/uploads\/2024\/04\/cashback.png","type":"image\/png"}],"twitter_card":"summary_large_image","twitter_misc":{"Dur\u00e9e de lecture estim\u00e9e":"1 minute"},"schema":{"@context":"https:\/\/schema.org","@graph":[{"@type":"WebPage","@id":"https:\/\/clanq.ch\/fr\/cashback\/","url":"https:\/\/clanq.ch\/fr\/cashback\/","name":"Cashback pour les familles | Clanq powered by Corn\u00e8r","isPartOf":{"@id":"https:\/\/clanq.ch\/fr\/#website"},"primaryImageOfPage":{"@id":"https:\/\/clanq.ch\/fr\/cashback\/#primaryimage"},"image":{"@id":"https:\/\/clanq.ch\/fr\/cashback\/#primaryimage"},"thumbnailUrl":"https:\/\/clanq.ch\/wp-content\/uploads\/2024\/04\/cashback.png","datePublished":"2024-01-29T11:09:27+00:00","dateModified":"2026-03-10T10:44:00+00:00","description":"Paye avec ta carte de d\u00e9bit Clanq et tu recevras une partie du montant d\u00e9pens\u00e9. Automatiquement vers\u00e9e dans la tirelire de ton enfant !","breadcrumb":{"@id":"https:\/\/clanq.ch\/fr\/cashback\/#breadcrumb"},"inLanguage":"fr-FR","potentialAction":[{"@type":"ReadAction","target":["https:\/\/clanq.ch\/fr\/cashback\/"]}]},{"@type":"ImageObject","inLanguage":"fr-FR","@id":"https:\/\/clanq.ch\/fr\/cashback\/#primaryimage","url":"https:\/\/clanq.ch\/wp-content\/uploads\/2024\/04\/cashback.png","contentUrl":"https:\/\/clanq.ch\/wp-content\/uploads\/2024\/04\/cashback.png","width":1200,"height":630,"caption":"Clanq powered by Corn\u00e8r Cashback"},{"@type":"BreadcrumbList","@id":"https:\/\/clanq.ch\/fr\/cashback\/#breadcrumb","itemListElement":[{"@type":"ListItem","position":1,"name":"Startseite","item":"https:\/\/clanq.ch\/fr\/"},{"@type":"ListItem","position":2,"name":"Cashback"}]},{"@type":"WebSite","@id":"https:\/\/clanq.ch\/fr\/#website","url":"https:\/\/clanq.ch\/fr\/","name":"Clanq","description":"","potentialAction":[{"@type":"SearchAction","target":{"@type":"EntryPoint","urlTemplate":"https:\/\/clanq.ch\/fr\/?s={search_term_string}"},"query-input":{"@type":"PropertyValueSpecification","valueRequired":true,"valueName":"search_term_string"}}],"inLanguage":"fr-FR"}]}},"_links":{"self":[{"href":"https:\/\/clanq.ch\/fr\/wp-json\/wp\/v2\/pages\/974","targetHints":{"allow":["GET"]}}],"collection":[{"href":"https:\/\/clanq.ch\/fr\/wp-json\/wp\/v2\/pages"}],"about":[{"href":"https:\/\/clanq.ch\/fr\/wp-json\/wp\/v2\/types\/page"}],"author":[{"embeddable":true,"href":"https:\/\/clanq.ch\/fr\/wp-json\/wp\/v2\/users\/5"}],"replies":[{"embeddable":true,"href":"https:\/\/clanq.ch\/fr\/wp-json\/wp\/v2\/comments?post=974"}],"version-history":[{"count":119,"href":"https:\/\/clanq.ch\/fr\/wp-json\/wp\/v2\/pages\/974\/revisions"}],"predecessor-version":[{"id":6081,"href":"https:\/\/clanq.ch\/fr\/wp-json\/wp\/v2\/pages\/974\/revisions\/6081"}],"wp:featuredmedia":[{"embeddable":true,"href":"https:\/\/clanq.ch\/fr\/wp-json\/wp\/v2\/media\/1339"}],"wp:attachment":[{"href":"https:\/\/clanq.ch\/fr\/wp-json\/wp\/v2\/media?parent=974"}],"curies":[{"name":"wp","href":"https:\/\/api.w.org\/{rel}","templated":true}]}}