{"id":515,"date":"2023-01-09T13:51:24","date_gmt":"2023-01-09T12:51:24","guid":{"rendered":"https:\/\/clanq.ch\/about-us\/"},"modified":"2026-01-20T23:32:51","modified_gmt":"2026-01-20T22:32:51","slug":"about-us","status":"publish","type":"page","link":"https:\/\/clanq.ch\/fr\/about-us\/","title":{"rendered":"\u00c0 propos de nous"},"content":{"rendered":"","protected":false},"excerpt":{"rendered":"","protected":false},"author":5,"featured_media":1337,"parent":0,"menu_order":0,"comment_status":"closed","ping_status":"closed","template":"","meta":{"footnotes":""},"class_list":["post-515","page","type-page","status-publish","has-post-thumbnail","hentry"],"acf":[],"yoast_head":"<!-- This site is optimized with the Yoast SEO plugin v27.0 - https:\/\/yoast.com\/product\/yoast-seo-wordpress\/ -->\n<title>\u00c0 propos de nous | Clanq powered by Corn\u00e8r<\/title>\n<meta name=\"description\" content=\"Nous aidons les parents \u00e0 pr\u00e9parer l&#039;avenir de leurs enfants en leur donnant les outils n\u00e9cessaires pour \u00e9pargner.\" \/>\n<meta name=\"robots\" content=\"index, follow, max-snippet:-1, max-image-preview:large, max-video-preview:-1\" \/>\n<link rel=\"canonical\" href=\"https:\/\/clanq.ch\/fr\/about-us\/\" \/>\n<meta property=\"og:locale\" content=\"fr_FR\" \/>\n<meta property=\"og:type\" content=\"article\" \/>\n<meta property=\"og:title\" content=\"\u00c0 propos de nous | Clanq powered by Corn\u00e8r\" \/>\n<meta property=\"og:description\" content=\"Nous aidons les parents \u00e0 pr\u00e9parer l&#039;avenir de leurs enfants en leur donnant les outils n\u00e9cessaires pour \u00e9pargner.\" \/>\n<meta property=\"og:url\" content=\"https:\/\/clanq.ch\/fr\/about-us\/\" \/>\n<meta property=\"og:site_name\" content=\"Clanq\" \/>\n<meta property=\"article:modified_time\" content=\"2026-01-20T22:32:51+00:00\" \/>\n<meta property=\"og:image\" content=\"https:\/\/clanq.ch\/wp-content\/uploads\/2024\/04\/about-us.png\" \/>\n\t<meta property=\"og:image:width\" content=\"1200\" \/>\n\t<meta property=\"og:image:height\" content=\"630\" \/>\n\t<meta property=\"og:image:type\" content=\"image\/png\" \/>\n<meta name=\"twitter:card\" content=\"summary_large_image\" \/>\n<meta name=\"twitter:label1\" content=\"Dur\u00e9e de lecture estim\u00e9e\" \/>\n\t<meta name=\"twitter:data1\" content=\"1 minute\" \/>\n<script type=\"application\/ld+json\" class=\"yoast-schema-graph\">{\"@context\":\"https:\/\/schema.org\",\"@graph\":[{\"@type\":\"WebPage\",\"@id\":\"https:\/\/clanq.ch\/fr\/about-us\/\",\"url\":\"https:\/\/clanq.ch\/fr\/about-us\/\",\"name\":\"\u00c0 propos de nous | Clanq powered by Corn\u00e8r\",\"isPartOf\":{\"@id\":\"https:\/\/clanq.ch\/fr\/#website\"},\"primaryImageOfPage\":{\"@id\":\"https:\/\/clanq.ch\/fr\/about-us\/#primaryimage\"},\"image\":{\"@id\":\"https:\/\/clanq.ch\/fr\/about-us\/#primaryimage\"},\"thumbnailUrl\":\"https:\/\/clanq.ch\/wp-content\/uploads\/2024\/04\/about-us.png\",\"datePublished\":\"2023-01-09T12:51:24+00:00\",\"dateModified\":\"2026-01-20T22:32:51+00:00\",\"description\":\"Nous aidons les parents \u00e0 pr\u00e9parer l'avenir de leurs enfants en leur donnant les outils n\u00e9cessaires pour \u00e9pargner.\",\"breadcrumb\":{\"@id\":\"https:\/\/clanq.ch\/fr\/about-us\/#breadcrumb\"},\"inLanguage\":\"fr-FR\",\"potentialAction\":[{\"@type\":\"ReadAction\",\"target\":[\"https:\/\/clanq.ch\/fr\/about-us\/\"]}]},{\"@type\":\"ImageObject\",\"inLanguage\":\"fr-FR\",\"@id\":\"https:\/\/clanq.ch\/fr\/about-us\/#primaryimage\",\"url\":\"https:\/\/clanq.ch\/wp-content\/uploads\/2024\/04\/about-us.png\",\"contentUrl\":\"https:\/\/clanq.ch\/wp-content\/uploads\/2024\/04\/about-us.png\",\"width\":1200,\"height\":630,\"caption\":\"Clanq powered by Corn\u00e8r About us\"},{\"@type\":\"BreadcrumbList\",\"@id\":\"https:\/\/clanq.ch\/fr\/about-us\/#breadcrumb\",\"itemListElement\":[{\"@type\":\"ListItem\",\"position\":1,\"name\":\"Startseite\",\"item\":\"https:\/\/clanq.ch\/fr\/\"},{\"@type\":\"ListItem\",\"position\":2,\"name\":\"\u00c0 propos de nous\"}]},{\"@type\":\"WebSite\",\"@id\":\"https:\/\/clanq.ch\/fr\/#website\",\"url\":\"https:\/\/clanq.ch\/fr\/\",\"name\":\"Clanq\",\"description\":\"\",\"potentialAction\":[{\"@type\":\"SearchAction\",\"target\":{\"@type\":\"EntryPoint\",\"urlTemplate\":\"https:\/\/clanq.ch\/fr\/?s={search_term_string}\"},\"query-input\":{\"@type\":\"PropertyValueSpecification\",\"valueRequired\":true,\"valueName\":\"search_term_string\"}}],\"inLanguage\":\"fr-FR\"}]}<\/script>\n<!-- \/ Yoast SEO plugin. -->","yoast_head_json":{"title":"\u00c0 propos de nous | Clanq powered by Corn\u00e8r","description":"Nous aidons les parents \u00e0 pr\u00e9parer l'avenir de leurs enfants en leur donnant les outils n\u00e9cessaires pour \u00e9pargner.","robots":{"index":"index","follow":"follow","max-snippet":"max-snippet:-1","max-image-preview":"max-image-preview:large","max-video-preview":"max-video-preview:-1"},"canonical":"https:\/\/clanq.ch\/fr\/about-us\/","og_locale":"fr_FR","og_type":"article","og_title":"\u00c0 propos de nous | Clanq powered by Corn\u00e8r","og_description":"Nous aidons les parents \u00e0 pr\u00e9parer l'avenir de leurs enfants en leur donnant les outils n\u00e9cessaires pour \u00e9pargner.","og_url":"https:\/\/clanq.ch\/fr\/about-us\/","og_site_name":"Clanq","article_modified_time":"2026-01-20T22:32:51+00:00","og_image":[{"width":1200,"height":630,"url":"https:\/\/clanq.ch\/wp-content\/uploads\/2024\/04\/about-us.png","type":"image\/png"}],"twitter_card":"summary_large_image","twitter_misc":{"Dur\u00e9e de lecture estim\u00e9e":"1 minute"},"schema":{"@context":"https:\/\/schema.org","@graph":[{"@type":"WebPage","@id":"https:\/\/clanq.ch\/fr\/about-us\/","url":"https:\/\/clanq.ch\/fr\/about-us\/","name":"\u00c0 propos de nous | Clanq powered by Corn\u00e8r","isPartOf":{"@id":"https:\/\/clanq.ch\/fr\/#website"},"primaryImageOfPage":{"@id":"https:\/\/clanq.ch\/fr\/about-us\/#primaryimage"},"image":{"@id":"https:\/\/clanq.ch\/fr\/about-us\/#primaryimage"},"thumbnailUrl":"https:\/\/clanq.ch\/wp-content\/uploads\/2024\/04\/about-us.png","datePublished":"2023-01-09T12:51:24+00:00","dateModified":"2026-01-20T22:32:51+00:00","description":"Nous aidons les parents \u00e0 pr\u00e9parer l'avenir de leurs enfants en leur donnant les outils n\u00e9cessaires pour \u00e9pargner.","breadcrumb":{"@id":"https:\/\/clanq.ch\/fr\/about-us\/#breadcrumb"},"inLanguage":"fr-FR","potentialAction":[{"@type":"ReadAction","target":["https:\/\/clanq.ch\/fr\/about-us\/"]}]},{"@type":"ImageObject","inLanguage":"fr-FR","@id":"https:\/\/clanq.ch\/fr\/about-us\/#primaryimage","url":"https:\/\/clanq.ch\/wp-content\/uploads\/2024\/04\/about-us.png","contentUrl":"https:\/\/clanq.ch\/wp-content\/uploads\/2024\/04\/about-us.png","width":1200,"height":630,"caption":"Clanq powered by Corn\u00e8r About us"},{"@type":"BreadcrumbList","@id":"https:\/\/clanq.ch\/fr\/about-us\/#breadcrumb","itemListElement":[{"@type":"ListItem","position":1,"name":"Startseite","item":"https:\/\/clanq.ch\/fr\/"},{"@type":"ListItem","position":2,"name":"\u00c0 propos de nous"}]},{"@type":"WebSite","@id":"https:\/\/clanq.ch\/fr\/#website","url":"https:\/\/clanq.ch\/fr\/","name":"Clanq","description":"","potentialAction":[{"@type":"SearchAction","target":{"@type":"EntryPoint","urlTemplate":"https:\/\/clanq.ch\/fr\/?s={search_term_string}"},"query-input":{"@type":"PropertyValueSpecification","valueRequired":true,"valueName":"search_term_string"}}],"inLanguage":"fr-FR"}]}},"_links":{"self":[{"href":"https:\/\/clanq.ch\/fr\/wp-json\/wp\/v2\/pages\/515","targetHints":{"allow":["GET"]}}],"collection":[{"href":"https:\/\/clanq.ch\/fr\/wp-json\/wp\/v2\/pages"}],"about":[{"href":"https:\/\/clanq.ch\/fr\/wp-json\/wp\/v2\/types\/page"}],"author":[{"embeddable":true,"href":"https:\/\/clanq.ch\/fr\/wp-json\/wp\/v2\/users\/5"}],"replies":[{"embeddable":true,"href":"https:\/\/clanq.ch\/fr\/wp-json\/wp\/v2\/comments?post=515"}],"version-history":[{"count":20,"href":"https:\/\/clanq.ch\/fr\/wp-json\/wp\/v2\/pages\/515\/revisions"}],"predecessor-version":[{"id":5597,"href":"https:\/\/clanq.ch\/fr\/wp-json\/wp\/v2\/pages\/515\/revisions\/5597"}],"wp:featuredmedia":[{"embeddable":true,"href":"https:\/\/clanq.ch\/fr\/wp-json\/wp\/v2\/media\/1337"}],"wp:attachment":[{"href":"https:\/\/clanq.ch\/fr\/wp-json\/wp\/v2\/media?parent=515"}],"curies":[{"name":"wp","href":"https:\/\/api.w.org\/{rel}","templated":true}]}}