{"id":2724,"date":"2023-02-01T15:21:22","date_gmt":"2023-02-01T14:21:22","guid":{"rendered":"https:\/\/clanq.ch\/?page_id=2724"},"modified":"2026-03-19T12:29:14","modified_gmt":"2026-03-19T11:29:14","slug":"blog","status":"publish","type":"page","link":"https:\/\/clanq.ch\/fr\/blog\/","title":{"rendered":"Blog"},"content":{"rendered":"<p>Nous publions ici r\u00e9guli\u00e8rement des articles sur le th\u00e8me de la culture financi\u00e8re et de l&rsquo;\u00e9ducation financi\u00e8re.<\/p>\n","protected":false},"excerpt":{"rendered":"<p>Nous publions ici r\u00e9guli\u00e8rement des articles sur le th\u00e8me de la culture financi\u00e8re et de l&rsquo;\u00e9ducation financi\u00e8re.<\/p>\n","protected":false},"author":5,"featured_media":0,"parent":0,"menu_order":0,"comment_status":"closed","ping_status":"closed","template":"page-blog.php","meta":{"footnotes":""},"class_list":["post-2724","page","type-page","status-publish","hentry"],"acf":[],"yoast_head":"<!-- This site is optimized with the Yoast SEO plugin v27.0 - https:\/\/yoast.com\/product\/yoast-seo-wordpress\/ -->\n<title>Le blog de la finance familiale | Clanq powered by Corn\u00e8r<\/title>\n<meta name=\"description\" content=\"Dans notre blog, nous publions r\u00e9guli\u00e8rement des articles sur le th\u00e8me de la culture financi\u00e8re et de l&#039;\u00e9ducation financi\u00e8re, sp\u00e9cialement pour les familles.\" \/>\n<meta name=\"robots\" content=\"index, follow, max-snippet:-1, max-image-preview:large, max-video-preview:-1\" \/>\n<link rel=\"canonical\" href=\"https:\/\/clanq.ch\/fr\/blog\/\" \/>\n<meta property=\"og:locale\" content=\"fr_FR\" \/>\n<meta property=\"og:type\" content=\"article\" \/>\n<meta property=\"og:title\" content=\"Le blog de la finance familiale | Clanq powered by Corn\u00e8r\" \/>\n<meta property=\"og:description\" content=\"Dans notre blog, nous publions r\u00e9guli\u00e8rement des articles sur le th\u00e8me de la culture financi\u00e8re et de l&#039;\u00e9ducation financi\u00e8re, sp\u00e9cialement pour les familles.\" \/>\n<meta property=\"og:url\" content=\"https:\/\/clanq.ch\/fr\/blog\/\" \/>\n<meta property=\"og:site_name\" content=\"Clanq\" \/>\n<meta property=\"article:modified_time\" content=\"2026-03-19T11:29:14+00:00\" \/>\n<meta name=\"twitter:card\" content=\"summary_large_image\" \/>\n<meta name=\"twitter:label1\" content=\"Dur\u00e9e de lecture estim\u00e9e\" \/>\n\t<meta name=\"twitter:data1\" content=\"1 minute\" \/>\n<script type=\"application\/ld+json\" class=\"yoast-schema-graph\">{\"@context\":\"https:\/\/schema.org\",\"@graph\":[{\"@type\":\"WebPage\",\"@id\":\"https:\/\/clanq.ch\/fr\/blog\/\",\"url\":\"https:\/\/clanq.ch\/fr\/blog\/\",\"name\":\"Le blog de la finance familiale | Clanq powered by Corn\u00e8r\",\"isPartOf\":{\"@id\":\"https:\/\/clanq.ch\/fr\/#website\"},\"datePublished\":\"2023-02-01T14:21:22+00:00\",\"dateModified\":\"2026-03-19T11:29:14+00:00\",\"description\":\"Dans notre blog, nous publions r\u00e9guli\u00e8rement des articles sur le th\u00e8me de la culture financi\u00e8re et de l'\u00e9ducation financi\u00e8re, sp\u00e9cialement pour les familles.\",\"breadcrumb\":{\"@id\":\"https:\/\/clanq.ch\/fr\/blog\/#breadcrumb\"},\"inLanguage\":\"fr-FR\",\"potentialAction\":[{\"@type\":\"ReadAction\",\"target\":[\"https:\/\/clanq.ch\/fr\/blog\/\"]}]},{\"@type\":\"BreadcrumbList\",\"@id\":\"https:\/\/clanq.ch\/fr\/blog\/#breadcrumb\",\"itemListElement\":[{\"@type\":\"ListItem\",\"position\":1,\"name\":\"Startseite\",\"item\":\"https:\/\/clanq.ch\/fr\/\"},{\"@type\":\"ListItem\",\"position\":2,\"name\":\"Blog\"}]},{\"@type\":\"WebSite\",\"@id\":\"https:\/\/clanq.ch\/fr\/#website\",\"url\":\"https:\/\/clanq.ch\/fr\/\",\"name\":\"Clanq\",\"description\":\"\",\"potentialAction\":[{\"@type\":\"SearchAction\",\"target\":{\"@type\":\"EntryPoint\",\"urlTemplate\":\"https:\/\/clanq.ch\/fr\/?s={search_term_string}\"},\"query-input\":{\"@type\":\"PropertyValueSpecification\",\"valueRequired\":true,\"valueName\":\"search_term_string\"}}],\"inLanguage\":\"fr-FR\"}]}<\/script>\n<!-- \/ Yoast SEO plugin. -->","yoast_head_json":{"title":"Le blog de la finance familiale | Clanq powered by Corn\u00e8r","description":"Dans notre blog, nous publions r\u00e9guli\u00e8rement des articles sur le th\u00e8me de la culture financi\u00e8re et de l'\u00e9ducation financi\u00e8re, sp\u00e9cialement pour les familles.","robots":{"index":"index","follow":"follow","max-snippet":"max-snippet:-1","max-image-preview":"max-image-preview:large","max-video-preview":"max-video-preview:-1"},"canonical":"https:\/\/clanq.ch\/fr\/blog\/","og_locale":"fr_FR","og_type":"article","og_title":"Le blog de la finance familiale | Clanq powered by Corn\u00e8r","og_description":"Dans notre blog, nous publions r\u00e9guli\u00e8rement des articles sur le th\u00e8me de la culture financi\u00e8re et de l'\u00e9ducation financi\u00e8re, sp\u00e9cialement pour les familles.","og_url":"https:\/\/clanq.ch\/fr\/blog\/","og_site_name":"Clanq","article_modified_time":"2026-03-19T11:29:14+00:00","twitter_card":"summary_large_image","twitter_misc":{"Dur\u00e9e de lecture estim\u00e9e":"1 minute"},"schema":{"@context":"https:\/\/schema.org","@graph":[{"@type":"WebPage","@id":"https:\/\/clanq.ch\/fr\/blog\/","url":"https:\/\/clanq.ch\/fr\/blog\/","name":"Le blog de la finance familiale | Clanq powered by Corn\u00e8r","isPartOf":{"@id":"https:\/\/clanq.ch\/fr\/#website"},"datePublished":"2023-02-01T14:21:22+00:00","dateModified":"2026-03-19T11:29:14+00:00","description":"Dans notre blog, nous publions r\u00e9guli\u00e8rement des articles sur le th\u00e8me de la culture financi\u00e8re et de l'\u00e9ducation financi\u00e8re, sp\u00e9cialement pour les familles.","breadcrumb":{"@id":"https:\/\/clanq.ch\/fr\/blog\/#breadcrumb"},"inLanguage":"fr-FR","potentialAction":[{"@type":"ReadAction","target":["https:\/\/clanq.ch\/fr\/blog\/"]}]},{"@type":"BreadcrumbList","@id":"https:\/\/clanq.ch\/fr\/blog\/#breadcrumb","itemListElement":[{"@type":"ListItem","position":1,"name":"Startseite","item":"https:\/\/clanq.ch\/fr\/"},{"@type":"ListItem","position":2,"name":"Blog"}]},{"@type":"WebSite","@id":"https:\/\/clanq.ch\/fr\/#website","url":"https:\/\/clanq.ch\/fr\/","name":"Clanq","description":"","potentialAction":[{"@type":"SearchAction","target":{"@type":"EntryPoint","urlTemplate":"https:\/\/clanq.ch\/fr\/?s={search_term_string}"},"query-input":{"@type":"PropertyValueSpecification","valueRequired":true,"valueName":"search_term_string"}}],"inLanguage":"fr-FR"}]}},"_links":{"self":[{"href":"https:\/\/clanq.ch\/fr\/wp-json\/wp\/v2\/pages\/2724","targetHints":{"allow":["GET"]}}],"collection":[{"href":"https:\/\/clanq.ch\/fr\/wp-json\/wp\/v2\/pages"}],"about":[{"href":"https:\/\/clanq.ch\/fr\/wp-json\/wp\/v2\/types\/page"}],"author":[{"embeddable":true,"href":"https:\/\/clanq.ch\/fr\/wp-json\/wp\/v2\/users\/5"}],"replies":[{"embeddable":true,"href":"https:\/\/clanq.ch\/fr\/wp-json\/wp\/v2\/comments?post=2724"}],"version-history":[{"count":22,"href":"https:\/\/clanq.ch\/fr\/wp-json\/wp\/v2\/pages\/2724\/revisions"}],"predecessor-version":[{"id":6161,"href":"https:\/\/clanq.ch\/fr\/wp-json\/wp\/v2\/pages\/2724\/revisions\/6161"}],"wp:attachment":[{"href":"https:\/\/clanq.ch\/fr\/wp-json\/wp\/v2\/media?parent=2724"}],"curies":[{"name":"wp","href":"https:\/\/api.w.org\/{rel}","templated":true}]}}